{"id":1108,"date":"2018-06-12T06:32:35","date_gmt":"2018-06-12T04:32:35","guid":{"rendered":"https:\/\/www.argonautes.eu\/?page_id=1108"},"modified":"2019-02-05T02:47:02","modified_gmt":"2019-02-05T01:47:02","slug":"temoignages-avis","status":"publish","type":"page","link":"https:\/\/www.argonautes.eu\/Griekse-traiteur\/temoignages-avis\/","title":{"rendered":"GETUIGENISSEN &#8211; MENING"},"content":{"rendered":"    <section id=\"testimonials-slider\" class=\"testimonials-slider section-block \">\r\n                <div class=\"center\">\r\n            <div class=\"section-title v1\">\n\t\t\t<p class=\"subtitle color-pr-tx\">Adviezen gepubliceerd op Google - Tripadvisor - Yelp - Trustpilot<\/p>\n\t\t<h3 class=\"font-heading\"> GETUIGENISSEN VAN ONZE KLANTEN<\/h3>\t\t\n<\/div>                            <div class=\"owl-carousel testimonial-carousel\">\r\n                                            <div class=\"swiper-slide\">\n\t\t\t<div class=\"content\">\t\n\t\t\t\t\n\t\t\t\t<i class=\"fa fa-quote-left\" aria-hidden=\"true\"><\/i>\n\t\t\t\t\t\t<blockquote ><p>Zoals altijd, vers en zeer lekker<\/p>\n<\/blockquote>\n\t\t\t<h2 class=\"font-heading color-pr-tx\">Stefan Van Moortel<\/h2>\t\n\t\t<\/div>\n\t<\/div>                                            <div class=\"swiper-slide\">\n\t\t\t<div class=\"content\">\t\n\t\t\t\t\n\t\t\t\t<i class=\"fa fa-quote-left\" aria-hidden=\"true\"><\/i>\n\t\t\t\t\t\t<blockquote ><p>Zeer lekker<\/p>\n<\/blockquote>\n\t\t\t<h2 class=\"font-heading color-pr-tx\">Leen Vermeylen<\/h2>\t\n\t\t<\/div>\n\t<\/div>                                            <div class=\"swiper-slide\">\n\t\t\t<div class=\"content\">\t\n\t\t\t\t\n\t\t\t\t<i class=\"fa fa-quote-left\" aria-hidden=\"true\"><\/i>\n\t\t\t\t\t\t<blockquote ><p>Tr\u00e8s bonne moussaka, livr\u00e9e chaude , manger bien frais et livraison dans les temps!<\/p>\n<\/blockquote>\n\t\t\t<h2 class=\"font-heading color-pr-tx\">Julie Vanreppelen<\/h2>\t\n\t\t<\/div>\n\t<\/div>                                            <div class=\"swiper-slide\">\n\t\t\t<div class=\"content\">\t\n\t\t\t\t\n\t\t\t\t<i class=\"fa fa-quote-left\" aria-hidden=\"true\"><\/i>\n\t\t\t\t\t\t<blockquote ><p>Tr\u00e8s bon<\/p>\n<\/blockquote>\n\t\t\t<h2 class=\"font-heading color-pr-tx\">Maria de Lucena<\/h2>\t\n\t\t<\/div>\n\t<\/div>                                            <div class=\"swiper-slide\">\n\t\t\t<div class=\"content\">\t\n\t\t\t\t\n\t\t\t\t<i class=\"fa fa-quote-left\" aria-hidden=\"true\"><\/i>\n\t\t\t\t\t\t<blockquote ><p>Snel, warm, lekker en verzord. Tip: doe frieten en calamares in een andere verpakking ipv een gesloten alu bakje, zo blijven deze krokant. Of geef geen frietjes, de pasta en gratin zijn meer dan lekker genoeg.<\/p>\n<\/blockquote>\n\t\t\t<h2 class=\"font-heading color-pr-tx\">De Groote<\/h2>\t\n\t\t<\/div>\n\t<\/div>                                            <div class=\"swiper-slide\">\n\t\t\t<div class=\"content\">\t\n\t\t\t\t\n\t\t\t\t<i class=\"fa fa-quote-left\" aria-hidden=\"true\"><\/i>\n\t\t\t\t\t\t<blockquote ><p>Een aanrader<\/p>\n<\/blockquote>\n\t\t\t<h2 class=\"font-heading color-pr-tx\">Lanckmans<\/h2>\t\n\t\t<\/div>\n\t<\/div>                                            <div class=\"swiper-slide\">\n\t\t\t<div class=\"content\">\t\n\t\t\t\t\n\t\t\t\t<i class=\"fa fa-quote-left\" aria-hidden=\"true\"><\/i>\n\t\t\t\t\t\t<blockquote ><p>D\u00e9licieux belle pr\u00e9sentation<\/p>\n<\/blockquote>\n\t\t\t<h2 class=\"font-heading color-pr-tx\">Stas<\/h2>\t\n\t\t<\/div>\n\t<\/div>                                            <div class=\"swiper-slide\">\n\t\t\t<div class=\"content\">\t\n\t\t\t\t\n\t\t\t\t<i class=\"fa fa-quote-left\" aria-hidden=\"true\"><\/i>\n\t\t\t\t\t\t<blockquote ><p>Heel lekker!!!<\/p>\n<\/blockquote>\n\t\t\t<h2 class=\"font-heading color-pr-tx\">Verbelen<\/h2>\t\n\t\t<\/div>\n\t<\/div>                                            <div class=\"swiper-slide\">\n\t\t\t<div class=\"content\">\t\n\t\t\t\t\n\t\t\t\t<i class=\"fa fa-quote-left\" aria-hidden=\"true\"><\/i>\n\t\t\t\t\t\t<blockquote ><p>Tr\u00e8s bonne d\u00e9couverte ! Je recommanderais sans h\u00e9sitation, surtout le mezze argonautes \ud83d\ude42<\/p>\n<\/blockquote>\n\t\t\t<h2 class=\"font-heading color-pr-tx\">Jule<\/h2>\t\n\t\t<\/div>\n\t<\/div>                                            <div class=\"swiper-slide\">\n\t\t\t<div class=\"content\">\t\n\t\t\t\t\n\t\t\t\t<i class=\"fa fa-quote-left\" aria-hidden=\"true\"><\/i>\n\t\t\t\t\t\t<blockquote ><p>Top niveau<\/p>\n<\/blockquote>\n\t\t\t<h2 class=\"font-heading color-pr-tx\">Lema<\/h2>\t\n\t\t<\/div>\n\t<\/div>                                    <\/div>\r\n            \t\t\r\n        <\/div>\r\n        <script>\r\n            jQuery('.testimonial-carousel').owlCarousel({\r\n                nav: true,\r\n                items: 1,\r\n                margin: 0,\r\n                autoHeight: true,\r\n                dots: false,\r\n                loop: true,\r\n                autoplay: Boolean(  ),\r\n                autoplayHoverPause: Boolean(  ),\t\t\t\t\t\r\n            });\r\n        <\/script>\t\t\t\r\n    <\/section>\r\n    \n","protected":false},"excerpt":{"rendered":"","protected":false},"author":1,"featured_media":0,"parent":0,"menu_order":0,"comment_status":"closed","ping_status":"closed","template":"","meta":{"footnotes":""},"class_list":["post-1108","page","type-page","status-publish","hentry"],"yoast_head":"<!-- This site is optimized with the Yoast SEO plugin v24.3 - https:\/\/yoast.com\/wordpress\/plugins\/seo\/ -->\n<title>GETUIGENISSEN - MENING - Restaurant Argonautes<\/title>\n<meta name=\"robots\" content=\"index, follow, max-snippet:-1, max-image-preview:large, max-video-preview:-1\" \/>\n<link rel=\"canonical\" href=\"https:\/\/www.argonautes.eu\/Griekse-traiteur\/temoignages-avis\/\" \/>\n<meta property=\"og:locale\" content=\"nl_NL\" \/>\n<meta property=\"og:type\" content=\"article\" \/>\n<meta property=\"og:title\" content=\"GETUIGENISSEN - MENING - Restaurant Argonautes\" \/>\n<meta property=\"og:url\" content=\"https:\/\/www.argonautes.eu\/Griekse-traiteur\/temoignages-avis\/\" \/>\n<meta property=\"og:site_name\" content=\"Restaurant Argonautes\" \/>\n<meta property=\"article:publisher\" content=\"https:\/\/www.facebook.com\/pages\/Restaurant-Les-Argonautes\/709795412379593\" \/>\n<meta property=\"article:modified_time\" content=\"2019-02-05T01:47:02+00:00\" \/>\n<meta property=\"og:image\" content=\"https:\/\/www.argonautes.eu\/Griekse-traiteur\/wp-content\/uploads\/2018\/08\/TEMOIGNAGES-AVIS-Restaurant-Argonautes-traiteur-grec-livraison-domicile-contact-meilleur-restaurant-grec-1.jpg\" \/>\n\t<meta property=\"og:image:width\" content=\"1134\" \/>\n\t<meta property=\"og:image:height\" content=\"396\" \/>\n\t<meta property=\"og:image:type\" content=\"image\/jpeg\" \/>\n<meta name=\"twitter:card\" content=\"summary_large_image\" \/>\n<!-- \/ Yoast SEO plugin. -->","yoast_head_json":{"title":"GETUIGENISSEN - MENING - Restaurant Argonautes","robots":{"index":"index","follow":"follow","max-snippet":"max-snippet:-1","max-image-preview":"max-image-preview:large","max-video-preview":"max-video-preview:-1"},"canonical":"https:\/\/www.argonautes.eu\/Griekse-traiteur\/temoignages-avis\/","og_locale":"nl_NL","og_type":"article","og_title":"GETUIGENISSEN - MENING - Restaurant Argonautes","og_url":"https:\/\/www.argonautes.eu\/Griekse-traiteur\/temoignages-avis\/","og_site_name":"Restaurant Argonautes","article_publisher":"https:\/\/www.facebook.com\/pages\/Restaurant-Les-Argonautes\/709795412379593","article_modified_time":"2019-02-05T01:47:02+00:00","og_image":[{"width":1134,"height":396,"url":"https:\/\/www.argonautes.eu\/Griekse-traiteur\/wp-content\/uploads\/2018\/08\/TEMOIGNAGES-AVIS-Restaurant-Argonautes-traiteur-grec-livraison-domicile-contact-meilleur-restaurant-grec-1.jpg","type":"image\/jpeg"}],"twitter_card":"summary_large_image","schema":{"@context":"https:\/\/schema.org","@graph":[{"@type":"WebPage","@id":"https:\/\/www.argonautes.eu\/Griekse-traiteur\/temoignages-avis\/","url":"https:\/\/www.argonautes.eu\/Griekse-traiteur\/temoignages-avis\/","name":"GETUIGENISSEN - MENING - Restaurant Argonautes","isPartOf":{"@id":"https:\/\/www.argonautes.eu\/Griekse-traiteur\/#website"},"datePublished":"2018-06-12T04:32:35+00:00","dateModified":"2019-02-05T01:47:02+00:00","breadcrumb":{"@id":"https:\/\/www.argonautes.eu\/Griekse-traiteur\/temoignages-avis\/#breadcrumb"},"inLanguage":"nl-NL","potentialAction":[{"@type":"ReadAction","target":["https:\/\/www.argonautes.eu\/Griekse-traiteur\/temoignages-avis\/"]}]},{"@type":"BreadcrumbList","@id":"https:\/\/www.argonautes.eu\/Griekse-traiteur\/temoignages-avis\/#breadcrumb","itemListElement":[{"@type":"ListItem","position":1,"name":"Home","item":"https:\/\/www.argonautes.eu\/Griekse-traiteur\/"},{"@type":"ListItem","position":2,"name":"GETUIGENISSEN &#8211; MENING"}]},{"@type":"WebSite","@id":"https:\/\/www.argonautes.eu\/Griekse-traiteur\/#website","url":"https:\/\/www.argonautes.eu\/Griekse-traiteur\/","name":"Restaurant Argonautes Grieks | Thuisbezorging","description":"Grieks, biefstuk en levering","publisher":{"@id":"https:\/\/www.argonautes.eu\/Griekse-traiteur\/#organization"},"potentialAction":[{"@type":"SearchAction","target":{"@type":"EntryPoint","urlTemplate":"https:\/\/www.argonautes.eu\/Griekse-traiteur\/?s={search_term_string}"},"query-input":{"@type":"PropertyValueSpecification","valueRequired":true,"valueName":"search_term_string"}}],"inLanguage":"nl-NL"},{"@type":"Organization","@id":"https:\/\/www.argonautes.eu\/Griekse-traiteur\/#organization","name":"Restaurant Argonautes Grieks | Thuisbezorging","url":"https:\/\/www.argonautes.eu\/Griekse-traiteur\/","logo":{"@type":"ImageObject","inLanguage":"nl-NL","@id":"https:\/\/www.argonautes.eu\/Griekse-traiteur\/#\/schema\/logo\/image\/","url":"https:\/\/www.argonautes.eu\/Griekse-traiteur\/wp-content\/uploads\/2018\/05\/logo-Argonautes-Restaurant-Grimbergen-Bruxelles-1-1.png","contentUrl":"https:\/\/www.argonautes.eu\/Griekse-traiteur\/wp-content\/uploads\/2018\/05\/logo-Argonautes-Restaurant-Grimbergen-Bruxelles-1-1.png","width":190,"height":190,"caption":"Restaurant Argonautes Grieks | Thuisbezorging"},"image":{"@id":"https:\/\/www.argonautes.eu\/Griekse-traiteur\/#\/schema\/logo\/image\/"},"sameAs":["https:\/\/www.facebook.com\/pages\/Restaurant-Les-Argonautes\/709795412379593"]}]}},"_links":{"self":[{"href":"https:\/\/www.argonautes.eu\/Griekse-traiteur\/wp-json\/wp\/v2\/pages\/1108","targetHints":{"allow":["GET"]}}],"collection":[{"href":"https:\/\/www.argonautes.eu\/Griekse-traiteur\/wp-json\/wp\/v2\/pages"}],"about":[{"href":"https:\/\/www.argonautes.eu\/Griekse-traiteur\/wp-json\/wp\/v2\/types\/page"}],"author":[{"embeddable":true,"href":"https:\/\/www.argonautes.eu\/Griekse-traiteur\/wp-json\/wp\/v2\/users\/1"}],"replies":[{"embeddable":true,"href":"https:\/\/www.argonautes.eu\/Griekse-traiteur\/wp-json\/wp\/v2\/comments?post=1108"}],"version-history":[{"count":1,"href":"https:\/\/www.argonautes.eu\/Griekse-traiteur\/wp-json\/wp\/v2\/pages\/1108\/revisions"}],"predecessor-version":[{"id":2593,"href":"https:\/\/www.argonautes.eu\/Griekse-traiteur\/wp-json\/wp\/v2\/pages\/1108\/revisions\/2593"}],"wp:attachment":[{"href":"https:\/\/www.argonautes.eu\/Griekse-traiteur\/wp-json\/wp\/v2\/media?parent=1108"}],"curies":[{"name":"wp","href":"https:\/\/api.w.org\/{rel}","templated":true}]}}